{"id":200,"date":"2019-04-05T20:44:43","date_gmt":"2019-04-05T20:44:43","guid":{"rendered":"http:\/\/szo-zaczernie.com.pl\/?page_id=200"},"modified":"2026-03-31T07:01:39","modified_gmt":"2026-03-31T07:01:39","slug":"aktualnosci","status":"publish","type":"page","link":"https:\/\/szo-zaczernie.com.pl\/?page_id=200","title":{"rendered":"Aktualno\u015bci"},"content":{"rendered":"<p>&nbsp;<\/p>\n<h4><span style=\"color: #008000;\"><strong>Dzia\u0142 sprzeda\u017cy hurtowej:<\/strong><\/span><\/h4>\n<h5><strong>poniedzia\u0142ek -pi\u0105tek 7:00- 16:00<\/strong><\/h5>\n<h4><strong>sobota 7:00 &#8211; 13:00<\/strong><\/h4>\n<h5><strong>niedziela &#8211; nieczynne<\/strong><\/h5>\n<p>&nbsp;<\/p>\n<h4><span style=\"color: #008000;\"><strong>Sklep Zaczernie :<\/strong><\/span><\/h4>\n<h5><span style=\"color: #333333;\"><strong>poniedzia\u0142ek &#8211; pi\u0105tek\u00a0 8:00 &#8211; 16:00<\/strong><\/span><\/h5>\n<h5><span style=\"color: #333333;\"><strong>sobota 8:20 &#8211; 13:20<\/strong><\/span><\/h5>\n<p>&nbsp;<\/p>\n<h4><span style=\"color: #008000;\"><strong>Przypominamy telefony:<\/strong><\/span><\/h4>\n<h5><strong>-sklep Zaczernie:<\/strong><\/h5>\n<h5><strong> 17 859 34 99\u00a0<\/strong><\/h5>\n<h5><strong> 516 485 114<\/strong><\/h5>\n<p>&nbsp;<\/p>\n<h5><strong>-dzia\u0142 sprzeda\u017cy hurtowej: <\/strong><\/h5>\n<h4><strong>17 855 23 98<\/strong><\/h4>\n<h5><strong>885 132 444 <\/strong><\/h5>\n<h5><strong>512 367 024<\/strong><\/h5>\n<h5><\/h5>\n<h5><strong>-magazyn hurtowy: <\/strong><\/h5>\n<h5><strong>17 242 61 68\u00a0<\/strong><\/h5>\n<h5><strong> 512 167 342<\/strong><\/h5>\n<p>&nbsp;<\/p>\n<h5><strong>-sekretariat : <\/strong><\/h5>\n<h5><strong>17 855 23 99 <\/strong><\/h5>\n<h5><strong>515 050 462<\/strong><\/h5>\n<p>&nbsp;<\/p>\n<h5><strong>-ksi\u0119gowo\u015b\u0107 :<\/strong><\/h5>\n<h5><strong> 609 263 222<\/strong><\/h5>\n<p>&nbsp;<\/p>\n<h4><span style=\"color: #008000;\"><strong>ZAPRASZAMY!!!<\/strong><\/span><\/h4>\n","protected":false},"excerpt":{"rendered":"<p>&nbsp; Dzia\u0142 sprzeda\u017cy hurtowej: poniedzia\u0142ek -pi\u0105tek 7:00- 16:00 sobota 7:00 &#8211; 13:00 niedziela &#8211; nieczynne &nbsp; Sklep Zaczernie : poniedzia\u0142ek &#8211; pi\u0105tek\u00a0 8:00 &#8211; 16:00 sobota 8:20 &#8211; 13:20 &nbsp; Przypominamy telefony: -sklep Zaczernie: 17 859 34 99\u00a0 516 485&hellip; <\/p>\n","protected":false},"author":1,"featured_media":0,"parent":0,"menu_order":0,"comment_status":"closed","ping_status":"closed","template":"","meta":[],"_links":{"self":[{"href":"https:\/\/szo-zaczernie.com.pl\/index.php?rest_route=\/wp\/v2\/pages\/200"}],"collection":[{"href":"https:\/\/szo-zaczernie.com.pl\/index.php?rest_route=\/wp\/v2\/pages"}],"about":[{"href":"https:\/\/szo-zaczernie.com.pl\/index.php?rest_route=\/wp\/v2\/types\/page"}],"author":[{"embeddable":true,"href":"https:\/\/szo-zaczernie.com.pl\/index.php?rest_route=\/wp\/v2\/users\/1"}],"replies":[{"embeddable":true,"href":"https:\/\/szo-zaczernie.com.pl\/index.php?rest_route=%2Fwp%2Fv2%2Fcomments&post=200"}],"version-history":[{"count":53,"href":"https:\/\/szo-zaczernie.com.pl\/index.php?rest_route=\/wp\/v2\/pages\/200\/revisions"}],"predecessor-version":[{"id":356,"href":"https:\/\/szo-zaczernie.com.pl\/index.php?rest_route=\/wp\/v2\/pages\/200\/revisions\/356"}],"wp:attachment":[{"href":"https:\/\/szo-zaczernie.com.pl\/index.php?rest_route=%2Fwp%2Fv2%2Fmedia&parent=200"}],"curies":[{"name":"wp","href":"https:\/\/api.w.org\/{rel}","templated":true}]}}