{"id":7,"date":"2018-09-10T18:55:01","date_gmt":"2018-09-10T18:55:01","guid":{"rendered":"http:\/\/szo-zaczernie.com.pl\/?page_id=7"},"modified":"2026-01-16T09:24:51","modified_gmt":"2026-01-16T09:24:51","slug":"kontakt","status":"publish","type":"page","link":"https:\/\/szo-zaczernie.com.pl\/?page_id=7","title":{"rendered":"Kontakt:"},"content":{"rendered":"<blockquote><p><strong>Sp\u00f3\u0142dzielnia Zaopatrzenia Ogrodniczego w Rzeszowie z\/s w Zaczerniu<\/strong><\/p><\/blockquote>\n<p><strong>36-062 Zaczernie 118<\/strong><\/p>\n<p><strong>Telefony:<\/strong><\/p>\n<p>Sekretariat<strong> &#8211; <em>17 855 23 99 , 515 050 462<\/em><\/strong><\/p>\n<p>Dzia\u0142 sprzeda\u017cy hurtowej<strong> &#8211; <em>17 855 23 98 <\/em><\/strong><em>l<\/em><em>ub<\/em><strong><em> kom. 885 132 444 , 512 367 024<\/em><\/strong><\/p>\n<p>Magazyn &#8211; <strong>17 242 61 68 , 512 167 342<\/strong><\/p>\n<p>sklep Zaczernie &#8211; <strong>17 859 34 99 , 516 485 114<\/strong><\/p>\n<p>Ksi\u0119gowo\u015b\u0107 &#8211;\u00a0<strong>609 263 222<\/strong><\/p>\n<p>mail: <strong>ogrod@szo-zaczernie.com.pl<\/strong><\/p>\n<p><strong>www.szo-zaczernie.com.pl<\/strong><\/p>\n<p style=\"text-align: left;\"><span style=\"font-size: 12pt;\"><strong>Tutaj jeste\u015bmy:<\/strong><\/span><\/p>\n<p><iframe loading=\"lazy\" style=\"border: 0;\" src=\"https:\/\/www.google.com\/maps\/embed?pb=!1m18!1m12!1m3!1d5119.056804202533!2d21.98469897136698!3d50.09511586496674!2m3!1f0!2f0!3f0!3m2!1i1024!2i768!4f13.1!3m3!1m2!1s0x473ce4a0ea1a7425%3A0x467072d1536983f!2sZaczernie+118%2C+36-062+Zaczernie!5e0!3m2!1spl!2spl!4v1536737391315\" width=\"300\" height=\"300\" frameborder=\"0\" allowfullscreen=\"allowfullscreen\"><\/iframe><\/p>\n","protected":false},"excerpt":{"rendered":"<p>Sp\u00f3\u0142dzielnia Zaopatrzenia Ogrodniczego w Rzeszowie z\/s w Zaczerniu 36-062 Zaczernie 118 Telefony: Sekretariat &#8211; 17 855 23 99 , 515 050 462 Dzia\u0142 sprzeda\u017cy hurtowej &#8211; 17 855 23 98 lub kom. 885 132 444 , 512 367 024 Magazyn&hellip; <\/p>\n","protected":false},"author":1,"featured_media":0,"parent":0,"menu_order":0,"comment_status":"closed","ping_status":"closed","template":"","meta":[],"_links":{"self":[{"href":"https:\/\/szo-zaczernie.com.pl\/index.php?rest_route=\/wp\/v2\/pages\/7"}],"collection":[{"href":"https:\/\/szo-zaczernie.com.pl\/index.php?rest_route=\/wp\/v2\/pages"}],"about":[{"href":"https:\/\/szo-zaczernie.com.pl\/index.php?rest_route=\/wp\/v2\/types\/page"}],"author":[{"embeddable":true,"href":"https:\/\/szo-zaczernie.com.pl\/index.php?rest_route=\/wp\/v2\/users\/1"}],"replies":[{"embeddable":true,"href":"https:\/\/szo-zaczernie.com.pl\/index.php?rest_route=%2Fwp%2Fv2%2Fcomments&post=7"}],"version-history":[{"count":41,"href":"https:\/\/szo-zaczernie.com.pl\/index.php?rest_route=\/wp\/v2\/pages\/7\/revisions"}],"predecessor-version":[{"id":347,"href":"https:\/\/szo-zaczernie.com.pl\/index.php?rest_route=\/wp\/v2\/pages\/7\/revisions\/347"}],"wp:attachment":[{"href":"https:\/\/szo-zaczernie.com.pl\/index.php?rest_route=%2Fwp%2Fv2%2Fmedia&parent=7"}],"curies":[{"name":"wp","href":"https:\/\/api.w.org\/{rel}","templated":true}]}}